{"id":19,"date":"2024-09-17T16:30:43","date_gmt":"2024-09-17T16:30:43","guid":{"rendered":"https:\/\/www.red2red.pl\/?page_id=19"},"modified":"2024-09-25T06:41:31","modified_gmt":"2024-09-25T06:41:31","slug":"o-nas","status":"publish","type":"page","link":"https:\/\/www.red2red.pl\/?page_id=19","title":{"rendered":"O NAS"},"content":{"rendered":"\t\t<div data-elementor-type=\"wp-page\" data-elementor-id=\"19\" class=\"elementor elementor-19\">\n\t\t\t\t<div class=\"elementor-element elementor-element-d64e1ed e-grid e-con-boxed e-con e-parent\" data-id=\"d64e1ed\" data-element_type=\"container\" data-e-type=\"container\">\n\t\t\t\t\t<div class=\"e-con-inner\">\n\t\t\t\t<div class=\"elementor-element elementor-element-ca69c2f elementor-widget elementor-widget-spacer\" data-id=\"ca69c2f\" data-element_type=\"widget\" data-e-type=\"widget\" data-widget_type=\"spacer.default\">\n\t\t\t\t<div class=\"elementor-widget-container\">\n\t\t\t\t\t\t\t<div class=\"elementor-spacer\">\n\t\t\t<div class=\"elementor-spacer-inner\"><\/div>\n\t\t<\/div>\n\t\t\t\t\t\t<\/div>\n\t\t\t\t<\/div>\n\t\t\t\t\t<\/div>\n\t\t\t\t<\/div>\n\t\t<div class=\"elementor-element elementor-element-6e0b313 e-flex e-con-boxed e-con e-parent\" data-id=\"6e0b313\" data-element_type=\"container\" data-e-type=\"container\">\n\t\t\t\t\t<div class=\"e-con-inner\">\n\t\t\t\t<div class=\"elementor-element elementor-element-b122e4c elementor-widget elementor-widget-heading\" data-id=\"b122e4c\" data-element_type=\"widget\" data-e-type=\"widget\" data-widget_type=\"heading.default\">\n\t\t\t\t<div class=\"elementor-widget-container\">\n\t\t\t\t\t<h2 class=\"elementor-heading-title elementor-size-default\">Tomasz Wiertelak<\/h2>\t\t\t\t<\/div>\n\t\t\t\t<\/div>\n\t\t\t\t\t<\/div>\n\t\t\t\t<\/div>\n\t\t<div class=\"elementor-element elementor-element-6d08a65 e-grid e-con-boxed e-con e-parent\" data-id=\"6d08a65\" data-element_type=\"container\" data-e-type=\"container\">\n\t\t\t\t\t<div class=\"e-con-inner\">\n\t\t\t\t<div class=\"elementor-element elementor-element-e313ebc elementor-widget elementor-widget-text-editor\" data-id=\"e313ebc\" data-element_type=\"widget\" data-e-type=\"widget\" data-widget_type=\"text-editor.default\">\n\t\t\t\t<div class=\"elementor-widget-container\">\n\t\t\t\t\t\t\t\t\t<p>jest \u00a0ekspertem w dziedzinie cyberbezpiecze\u0144stwa, z ponad 25-letnim do\u015bwiadczeniem w bran\u017cy IT i cyberbezpiecze\u0144stwa. Uko\u0144czy\u0142 studia EMBA na kierunku \u201cZarz\u0105dzanie cyberbezpiecze\u0144stwem i us\u0142ugami cyfrowymi\u201d na Wydziale Dowodzenia i Operacji Morskich Akademii Marynarki Wojennej w Gdyni.<\/p><p>Aktywny cz\u0142onek Polskiej Izby Informatyki i Telekomunikacji (PIIT) oraz Information Systems Security Association (ISSA). Swoj\u0105 wiedz\u0105 i do\u015bwiadczeniem dzieli si\u0119 jako ekspert fundacji Instytut Cyberbezpiecze\u0144stwa. Od 2020 roku wsp\u00f3\u0142pracuje z Uniwersytetem Wroc\u0142awskim jako mentor, a w pa\u017adzierniku 2024 rozpocz\u0105\u0142 wsp\u00f3\u0142prac\u0119 z Uniwersytetem DSW jako wyk\u0142adowca akademicki.<\/p><p>W trakcie swojej kariery zawodowej pe\u0142ni\u0142 r\u00f3\u017cnorodne role, w tym architekta rozwi\u0105za\u0144 ICT, administratora bezpiecze\u0144stwa informacji oraz szefa sprzeda\u017cy. Jego wszechstronne do\u015bwiadczenie i zaanga\u017cowanie w rozw\u00f3j bran\u017cy czyni\u0105 go cenionym specjalist\u0105 i liderem w dziedzinie cyberbezpiecze\u0144stwa.<\/p>\t\t\t\t\t\t\t\t<\/div>\n\t\t\t\t<\/div>\n\t\t\t\t<div class=\"elementor-element elementor-element-ff80bd3 elementor-widget elementor-widget-image\" data-id=\"ff80bd3\" data-element_type=\"widget\" data-e-type=\"widget\" data-widget_type=\"image.default\">\n\t\t\t\t<div class=\"elementor-widget-container\">\n\t\t\t\t\t\t\t\t\t\t\t\t\t\t\t<img fetchpriority=\"high\" decoding=\"async\" width=\"1024\" height=\"778\" src=\"https:\/\/www.red2red.pl\/wp-content\/uploads\/2024\/09\/Tom_www-1024x778.jpg\" class=\"attachment-large size-large wp-image-70\" alt=\"Tomasz Wiertelak - ekspert w dziedzinie cyberbezpiecze\u0144stwa\" srcset=\"https:\/\/www.red2red.pl\/wp-content\/uploads\/2024\/09\/Tom_www-1024x778.jpg 1024w, https:\/\/www.red2red.pl\/wp-content\/uploads\/2024\/09\/Tom_www-300x228.jpg 300w, https:\/\/www.red2red.pl\/wp-content\/uploads\/2024\/09\/Tom_www-768x583.jpg 768w, https:\/\/www.red2red.pl\/wp-content\/uploads\/2024\/09\/Tom_www-1536x1166.jpg 1536w, https:\/\/www.red2red.pl\/wp-content\/uploads\/2024\/09\/Tom_www-2048x1555.jpg 2048w, https:\/\/www.red2red.pl\/wp-content\/uploads\/2024\/09\/Tom_www-600x456.jpg 600w\" sizes=\"(max-width: 1024px) 100vw, 1024px\" \/>\t\t\t\t\t\t\t\t\t\t\t\t\t\t\t<\/div>\n\t\t\t\t<\/div>\n\t\t\t\t\t<\/div>\n\t\t\t\t<\/div>\n\t\t<div class=\"elementor-element elementor-element-dd74405 e-grid e-con-boxed e-con e-parent\" data-id=\"dd74405\" data-element_type=\"container\" data-e-type=\"container\">\n\t\t\t\t\t<div class=\"e-con-inner\">\n\t\t\t\t<div class=\"elementor-element elementor-element-bdf98db elementor-widget-divider--view-line elementor-widget elementor-widget-divider\" data-id=\"bdf98db\" data-element_type=\"widget\" data-e-type=\"widget\" data-widget_type=\"divider.default\">\n\t\t\t\t<div class=\"elementor-widget-container\">\n\t\t\t\t\t\t\t<div class=\"elementor-divider\">\n\t\t\t<span class=\"elementor-divider-separator\">\n\t\t\t\t\t\t<\/span>\n\t\t<\/div>\n\t\t\t\t\t\t<\/div>\n\t\t\t\t<\/div>\n\t\t\t\t\t<\/div>\n\t\t\t\t<\/div>\n\t\t<div class=\"elementor-element elementor-element-8a06f54 e-flex e-con-boxed e-con e-parent\" data-id=\"8a06f54\" data-element_type=\"container\" data-e-type=\"container\">\n\t\t\t\t\t<div class=\"e-con-inner\">\n\t\t\t\t<div class=\"elementor-element elementor-element-b091b8c elementor-widget elementor-widget-heading\" data-id=\"b091b8c\" data-element_type=\"widget\" data-e-type=\"widget\" data-widget_type=\"heading.default\">\n\t\t\t\t<div class=\"elementor-widget-container\">\n\t\t\t\t\t<h2 class=\"elementor-heading-title elementor-size-default\">Piotr Horba\u0144<\/h2>\t\t\t\t<\/div>\n\t\t\t\t<\/div>\n\t\t\t\t\t<\/div>\n\t\t\t\t<\/div>\n\t\t<div class=\"elementor-element elementor-element-f0557a5 e-grid e-con-boxed e-con e-parent\" data-id=\"f0557a5\" data-element_type=\"container\" data-e-type=\"container\">\n\t\t\t\t\t<div class=\"e-con-inner\">\n\t\t\t\t<div class=\"elementor-element elementor-element-f4a0854 elementor-widget elementor-widget-image\" data-id=\"f4a0854\" data-element_type=\"widget\" data-e-type=\"widget\" data-widget_type=\"image.default\">\n\t\t\t\t<div class=\"elementor-widget-container\">\n\t\t\t\t\t\t\t\t\t\t\t\t\t\t\t<img decoding=\"async\" width=\"300\" height=\"300\" src=\"https:\/\/www.red2red.pl\/wp-content\/uploads\/2024\/09\/1612278586870-1-300x300.jpeg\" class=\"attachment-medium size-medium wp-image-187\" alt=\"\" srcset=\"https:\/\/www.red2red.pl\/wp-content\/uploads\/2024\/09\/1612278586870-1-300x300.jpeg 300w, https:\/\/www.red2red.pl\/wp-content\/uploads\/2024\/09\/1612278586870-1-150x150.jpeg 150w, https:\/\/www.red2red.pl\/wp-content\/uploads\/2024\/09\/1612278586870-1-600x600.jpeg 600w, https:\/\/www.red2red.pl\/wp-content\/uploads\/2024\/09\/1612278586870-1-100x100.jpeg 100w, https:\/\/www.red2red.pl\/wp-content\/uploads\/2024\/09\/1612278586870-1.jpeg 615w\" sizes=\"(max-width: 300px) 100vw, 300px\" \/>\t\t\t\t\t\t\t\t\t\t\t\t\t\t\t<\/div>\n\t\t\t\t<\/div>\n\t\t\t\t<div class=\"elementor-element elementor-element-afdd5b9 elementor-widget elementor-widget-text-editor\" data-id=\"afdd5b9\" data-element_type=\"widget\" data-e-type=\"widget\" data-widget_type=\"text-editor.default\">\n\t\t\t\t<div class=\"elementor-widget-container\">\n\t\t\t\t\t\t\t\t\t<div class=\"page\" title=\"Page 2\"><div class=\"layoutArea\"><div class=\"column\"><p>Specjalista ds. Cyberbezpieczen\u0301stwa i S\u0301wiadomos\u0301ci Bezpieczen\u0301stwa. Z pasja\u0328 do bezpieczen\u0301stwa IT oraz bogatym dos\u0301wiadczeniem zdobywanym w firmach i duz\u0307ych korporacjach. Jest specjalista\u0328 w zakresie cyberbezpieczen\u0301stwa z ukierunkowaniem na awereness oraz DFIR (Digital Forensics and Incident Response). Od czterech lat zawodowo dzia\u0142a w branz\u0307y cyberbezpieczen\u0301stwa, skutecznie pomagaja\u0328c organizacjom w ochronie ich zasobo\u0301w przed zagroz\u0307eniami. Jest aktywnym cz\u0142onkiem stowarzyszenia ISSA Polska.<\/p><\/div><\/div><\/div>\t\t\t\t\t\t\t\t<\/div>\n\t\t\t\t<\/div>\n\t\t\t\t\t<\/div>\n\t\t\t\t<\/div>\n\t\t\t\t<\/div>\n\t\t","protected":false},"excerpt":{"rendered":"<p>Tomasz Wiertelak jest \u00a0ekspertem w dziedzinie cyberbezpiecze\u0144stwa, z ponad 25-letnim do\u015bwiadczeniem w bran\u017cy IT i cyberbezpiecze\u0144stwa. Uko\u0144czy\u0142 studia EMBA na [&hellip;]<\/p>\n","protected":false},"author":1,"featured_media":0,"parent":0,"menu_order":0,"comment_status":"closed","ping_status":"closed","template":"elementor_header_footer","meta":{"site-sidebar-layout":"no-sidebar","site-content-layout":"","ast-site-content-layout":"default","site-content-style":"default","site-sidebar-style":"default","ast-global-header-display":"","ast-banner-title-visibility":"","ast-main-header-display":"","ast-hfb-above-header-display":"","ast-hfb-below-header-display":"","ast-hfb-mobile-header-display":"","site-post-title":"","ast-breadcrumbs-content":"","ast-featured-img":"","footer-sml-layout":"","ast-disable-related-posts":"","theme-transparent-header-meta":"default","adv-header-id-meta":"","stick-header-meta":"","header-above-stick-meta":"","header-main-stick-meta":"","header-below-stick-meta":"","astra-migrate-meta-layouts":"set","ast-page-background-enabled":"default","ast-page-background-meta":{"desktop":{"background-color":"var(--ast-global-color-4)","background-image":"","background-repeat":"repeat","background-position":"center center","background-size":"auto","background-attachment":"scroll","background-type":"","background-media":"","overlay-type":"","overlay-color":"","overlay-opacity":"","overlay-gradient":""},"tablet":{"background-color":"","background-image":"","background-repeat":"repeat","background-position":"center center","background-size":"auto","background-attachment":"scroll","background-type":"","background-media":"","overlay-type":"","overlay-color":"","overlay-opacity":"","overlay-gradient":""},"mobile":{"background-color":"","background-image":"","background-repeat":"repeat","background-position":"center center","background-size":"auto","background-attachment":"scroll","background-type":"","background-media":"","overlay-type":"","overlay-color":"","overlay-opacity":"","overlay-gradient":""}},"ast-content-background-meta":{"desktop":{"background-color":"var(--ast-global-color-5)","background-image":"","background-repeat":"repeat","background-position":"center center","background-size":"auto","background-attachment":"scroll","background-type":"","background-media":"","overlay-type":"","overlay-color":"","overlay-opacity":"","overlay-gradient":""},"tablet":{"background-color":"var(--ast-global-color-5)","background-image":"","background-repeat":"repeat","background-position":"center center","background-size":"auto","background-attachment":"scroll","background-type":"","background-media":"","overlay-type":"","overlay-color":"","overlay-opacity":"","overlay-gradient":""},"mobile":{"background-color":"var(--ast-global-color-5)","background-image":"","background-repeat":"repeat","background-position":"center center","background-size":"auto","background-attachment":"scroll","background-type":"","background-media":"","overlay-type":"","overlay-color":"","overlay-opacity":"","overlay-gradient":""}},"footnotes":""},"class_list":["post-19","page","type-page","status-publish","hentry"],"yoast_head":"<!-- This site is optimized with the Yoast SEO plugin v27.3 - https:\/\/yoast.com\/product\/yoast-seo-wordpress\/ -->\n<title>O NAS -<\/title>\n<meta name=\"robots\" content=\"index, follow, max-snippet:-1, max-image-preview:large, max-video-preview:-1\" \/>\n<link rel=\"canonical\" href=\"https:\/\/www.red2red.pl\/?page_id=19\" \/>\n<meta property=\"og:locale\" content=\"pl_PL\" \/>\n<meta property=\"og:type\" content=\"article\" \/>\n<meta property=\"og:title\" content=\"O NAS -\" \/>\n<meta property=\"og:description\" content=\"Tomasz Wiertelak jest \u00a0ekspertem w dziedzinie cyberbezpiecze\u0144stwa, z ponad 25-letnim do\u015bwiadczeniem w bran\u017cy IT i cyberbezpiecze\u0144stwa. Uko\u0144czy\u0142 studia EMBA na [&hellip;]\" \/>\n<meta property=\"og:url\" content=\"https:\/\/www.red2red.pl\/?page_id=19\" \/>\n<meta property=\"article:modified_time\" content=\"2024-09-25T06:41:31+00:00\" \/>\n<meta property=\"og:image\" content=\"https:\/\/www.red2red.pl\/wp-content\/uploads\/2024\/09\/Tom_www-1024x778.jpg\" \/>\n<meta name=\"twitter:card\" content=\"summary_large_image\" \/>\n<meta name=\"twitter:label1\" content=\"Szacowany czas czytania\" \/>\n\t<meta name=\"twitter:data1\" content=\"2 minuty\" \/>\n<script type=\"application\/ld+json\" class=\"yoast-schema-graph\">{\"@context\":\"https:\\\/\\\/schema.org\",\"@graph\":[{\"@type\":\"WebPage\",\"@id\":\"https:\\\/\\\/www.red2red.pl\\\/?page_id=19\",\"url\":\"https:\\\/\\\/www.red2red.pl\\\/?page_id=19\",\"name\":\"O NAS -\",\"isPartOf\":{\"@id\":\"https:\\\/\\\/www.red2red.pl\\\/#website\"},\"primaryImageOfPage\":{\"@id\":\"https:\\\/\\\/www.red2red.pl\\\/?page_id=19#primaryimage\"},\"image\":{\"@id\":\"https:\\\/\\\/www.red2red.pl\\\/?page_id=19#primaryimage\"},\"thumbnailUrl\":\"https:\\\/\\\/www.red2red.pl\\\/wp-content\\\/uploads\\\/2024\\\/09\\\/Tom_www-1024x778.jpg\",\"datePublished\":\"2024-09-17T16:30:43+00:00\",\"dateModified\":\"2024-09-25T06:41:31+00:00\",\"breadcrumb\":{\"@id\":\"https:\\\/\\\/www.red2red.pl\\\/?page_id=19#breadcrumb\"},\"inLanguage\":\"pl-PL\",\"potentialAction\":[{\"@type\":\"ReadAction\",\"target\":[\"https:\\\/\\\/www.red2red.pl\\\/?page_id=19\"]}]},{\"@type\":\"ImageObject\",\"inLanguage\":\"pl-PL\",\"@id\":\"https:\\\/\\\/www.red2red.pl\\\/?page_id=19#primaryimage\",\"url\":\"https:\\\/\\\/www.red2red.pl\\\/wp-content\\\/uploads\\\/2024\\\/09\\\/Tom_www-scaled.jpg\",\"contentUrl\":\"https:\\\/\\\/www.red2red.pl\\\/wp-content\\\/uploads\\\/2024\\\/09\\\/Tom_www-scaled.jpg\",\"width\":2560,\"height\":1944,\"caption\":\"Tomasz Wiertelak - ekspert w dziedzinie cyberbezpiecze\u0144stwa\"},{\"@type\":\"BreadcrumbList\",\"@id\":\"https:\\\/\\\/www.red2red.pl\\\/?page_id=19#breadcrumb\",\"itemListElement\":[{\"@type\":\"ListItem\",\"position\":1,\"name\":\"Strona g\u0142\u00f3wna\",\"item\":\"https:\\\/\\\/www.red2red.pl\\\/\"},{\"@type\":\"ListItem\",\"position\":2,\"name\":\"O NAS\"}]},{\"@type\":\"WebSite\",\"@id\":\"https:\\\/\\\/www.red2red.pl\\\/#website\",\"url\":\"https:\\\/\\\/www.red2red.pl\\\/\",\"name\":\"\",\"description\":\"\",\"potentialAction\":[{\"@type\":\"SearchAction\",\"target\":{\"@type\":\"EntryPoint\",\"urlTemplate\":\"https:\\\/\\\/www.red2red.pl\\\/?s={search_term_string}\"},\"query-input\":{\"@type\":\"PropertyValueSpecification\",\"valueRequired\":true,\"valueName\":\"search_term_string\"}}],\"inLanguage\":\"pl-PL\"}]}<\/script>\n<!-- \/ Yoast SEO plugin. -->","yoast_head_json":{"title":"O NAS -","robots":{"index":"index","follow":"follow","max-snippet":"max-snippet:-1","max-image-preview":"max-image-preview:large","max-video-preview":"max-video-preview:-1"},"canonical":"https:\/\/www.red2red.pl\/?page_id=19","og_locale":"pl_PL","og_type":"article","og_title":"O NAS -","og_description":"Tomasz Wiertelak jest \u00a0ekspertem w dziedzinie cyberbezpiecze\u0144stwa, z ponad 25-letnim do\u015bwiadczeniem w bran\u017cy IT i cyberbezpiecze\u0144stwa. Uko\u0144czy\u0142 studia EMBA na [&hellip;]","og_url":"https:\/\/www.red2red.pl\/?page_id=19","article_modified_time":"2024-09-25T06:41:31+00:00","og_image":[{"url":"https:\/\/www.red2red.pl\/wp-content\/uploads\/2024\/09\/Tom_www-1024x778.jpg","type":"","width":"","height":""}],"twitter_card":"summary_large_image","twitter_misc":{"Szacowany czas czytania":"2 minuty"},"schema":{"@context":"https:\/\/schema.org","@graph":[{"@type":"WebPage","@id":"https:\/\/www.red2red.pl\/?page_id=19","url":"https:\/\/www.red2red.pl\/?page_id=19","name":"O NAS -","isPartOf":{"@id":"https:\/\/www.red2red.pl\/#website"},"primaryImageOfPage":{"@id":"https:\/\/www.red2red.pl\/?page_id=19#primaryimage"},"image":{"@id":"https:\/\/www.red2red.pl\/?page_id=19#primaryimage"},"thumbnailUrl":"https:\/\/www.red2red.pl\/wp-content\/uploads\/2024\/09\/Tom_www-1024x778.jpg","datePublished":"2024-09-17T16:30:43+00:00","dateModified":"2024-09-25T06:41:31+00:00","breadcrumb":{"@id":"https:\/\/www.red2red.pl\/?page_id=19#breadcrumb"},"inLanguage":"pl-PL","potentialAction":[{"@type":"ReadAction","target":["https:\/\/www.red2red.pl\/?page_id=19"]}]},{"@type":"ImageObject","inLanguage":"pl-PL","@id":"https:\/\/www.red2red.pl\/?page_id=19#primaryimage","url":"https:\/\/www.red2red.pl\/wp-content\/uploads\/2024\/09\/Tom_www-scaled.jpg","contentUrl":"https:\/\/www.red2red.pl\/wp-content\/uploads\/2024\/09\/Tom_www-scaled.jpg","width":2560,"height":1944,"caption":"Tomasz Wiertelak - ekspert w dziedzinie cyberbezpiecze\u0144stwa"},{"@type":"BreadcrumbList","@id":"https:\/\/www.red2red.pl\/?page_id=19#breadcrumb","itemListElement":[{"@type":"ListItem","position":1,"name":"Strona g\u0142\u00f3wna","item":"https:\/\/www.red2red.pl\/"},{"@type":"ListItem","position":2,"name":"O NAS"}]},{"@type":"WebSite","@id":"https:\/\/www.red2red.pl\/#website","url":"https:\/\/www.red2red.pl\/","name":"","description":"","potentialAction":[{"@type":"SearchAction","target":{"@type":"EntryPoint","urlTemplate":"https:\/\/www.red2red.pl\/?s={search_term_string}"},"query-input":{"@type":"PropertyValueSpecification","valueRequired":true,"valueName":"search_term_string"}}],"inLanguage":"pl-PL"}]}},"_links":{"self":[{"href":"https:\/\/www.red2red.pl\/index.php?rest_route=\/wp\/v2\/pages\/19","targetHints":{"allow":["GET"]}}],"collection":[{"href":"https:\/\/www.red2red.pl\/index.php?rest_route=\/wp\/v2\/pages"}],"about":[{"href":"https:\/\/www.red2red.pl\/index.php?rest_route=\/wp\/v2\/types\/page"}],"author":[{"embeddable":true,"href":"https:\/\/www.red2red.pl\/index.php?rest_route=\/wp\/v2\/users\/1"}],"replies":[{"embeddable":true,"href":"https:\/\/www.red2red.pl\/index.php?rest_route=%2Fwp%2Fv2%2Fcomments&post=19"}],"version-history":[{"count":58,"href":"https:\/\/www.red2red.pl\/index.php?rest_route=\/wp\/v2\/pages\/19\/revisions"}],"predecessor-version":[{"id":206,"href":"https:\/\/www.red2red.pl\/index.php?rest_route=\/wp\/v2\/pages\/19\/revisions\/206"}],"wp:attachment":[{"href":"https:\/\/www.red2red.pl\/index.php?rest_route=%2Fwp%2Fv2%2Fmedia&parent=19"}],"curies":[{"name":"wp","href":"https:\/\/api.w.org\/{rel}","templated":true}]}}